{"id":806,"date":"2024-06-10T04:40:52","date_gmt":"2024-06-10T04:40:52","guid":{"rendered":"https:\/\/muccpaint.com\/?page_id=806"},"modified":"2024-06-10T05:16:57","modified_gmt":"2024-06-10T05:16:57","slug":"about-us","status":"publish","type":"page","link":"https:\/\/muccpaint.com\/es\/about-us\/","title":{"rendered":"Nosotros"},"content":{"rendered":"<div class=\"wp-block-columns alignfull is-layout-flex wp-container-core-columns-is-layout-28f84493 wp-block-columns-is-layout-flex\">\n<div class=\"wp-block-column is-layout-flow wp-block-column-is-layout-flow\">\n<div class=\"wp-block-group alignfull has-background is-layout-flow wp-block-group-is-layout-flow\" style=\"background-color:#f2f0e9\">\n<div style=\"height:70px\" aria-hidden=\"true\" class=\"wp-block-spacer\"><\/div>\n\n\n\n<div class=\"wp-block-columns alignwide are-vertically-aligned-center is-layout-flex wp-container-core-columns-is-layout-28f84493 wp-block-columns-is-layout-flex\">\n<div class=\"wp-block-column is-layout-flow wp-block-column-is-layout-flow\" style=\"flex-basis:50%\">\n<p class=\"has-text-color\" style=\"color:#000000;font-size:clamp(18.959px, 1.185rem + ((1vw - 3.2px) * 0.863), 30px);line-height:1.1\"><strong>Nos preocupamos por nuestras clientes <\/strong>&#8230;<\/p>\n<\/div>\n\n\n\n<div class=\"wp-block-column is-layout-flow wp-block-column-is-layout-flow\" style=\"flex-basis:50%\">\n<hr class=\"wp-block-separator has-text-color has-css-opacity has-background is-style-wide\" style=\"background-color:#000000;color:#000000\"\/>\n<\/div>\n<\/div>\n\n\n\n<div class=\"wp-block-columns alignwide is-layout-flex wp-container-core-columns-is-layout-28f84493 wp-block-columns-is-layout-flex\">\n<div class=\"wp-block-column is-layout-flow wp-block-column-is-layout-flow\">\n<figure class=\"wp-block-image size-full\"><img loading=\"lazy\" decoding=\"async\" width=\"699\" height=\"450\" src=\"http:\/\/muccpaint.com\/wp-content\/uploads\/2024\/06\/2024-06-01-18_04_47-Document1-Compatibility-Mode-Word.jpg\" alt=\"\" class=\"wp-image-750\" srcset=\"https:\/\/muccpaint.com\/wp-content\/uploads\/2024\/06\/2024-06-01-18_04_47-Document1-Compatibility-Mode-Word.jpg 699w, https:\/\/muccpaint.com\/wp-content\/uploads\/2024\/06\/2024-06-01-18_04_47-Document1-Compatibility-Mode-Word-300x193.jpg 300w, https:\/\/muccpaint.com\/wp-content\/uploads\/2024\/06\/2024-06-01-18_04_47-Document1-Compatibility-Mode-Word-500x322.jpg 500w, https:\/\/muccpaint.com\/wp-content\/uploads\/2024\/06\/2024-06-01-18_04_47-Document1-Compatibility-Mode-Word-600x386.jpg 600w\" sizes=\"auto, (max-width: 699px) 100vw, 699px\" \/><\/figure>\n<\/div>\n\n\n\n<div class=\"wp-block-column is-layout-flow wp-block-column-is-layout-flow\">\n<p class=\"has-text-color has-extra-small-font-size\" style=\"color:#000000\">Bienvenido a MUCCPAINT, donde la pasi\u00f3n se encuentra con el profesionalismo. Especializados en pintura de interiores y exteriores, as\u00ed como en servicios de corte y cuidado del c\u00e9sped, nos dedicamos a realzar la belleza y la funcionalidad de su hogar o negocio. Nuestro equipo de profesionales capacitados aporta entusiasmo y experiencia a cada proyecto, lo que garantiza resultados de primera calidad que superan las expectativas.<\/p>\n\n\n\n<p class=\"translation-block\">En MUCCPAINT, la honestidad y la transparencia son las piedras angulares de nuestro negocio. Desde una comunicaci\u00f3n clara hasta precios justos, creemos en generar confianza con nuestros clientes en cada paso del proceso. Ya sea que estemos transformando su espacio vital con colores vibrantes o manteniendo meticulosamente su c\u00e9sped, nuestro compromiso con la excelencia y la satisfacci\u00f3n del cliente sigue siendo inquebrantable.<\/p>\n<\/div>\n\n\n\n<div class=\"wp-block-column is-layout-flow wp-block-column-is-layout-flow\">\n<p class=\"has-text-color has-extra-small-font-size\" style=\"color:#000000\">Elige <strong>MUCCPAINT<\/strong> para una experiencia confiable y sin inconvenientes que haga realidad su visi\u00f3n. Nos enorgullecemos de nuestro trabajo y esperamos poder ayudarlo a crear un espacio que sea tan hermoso como acogedor. Gracias por considerarnos para sus necesidades de pintura y cuidado del c\u00e9sped.<\/p>\n<\/div>\n<\/div>\n\n\n\n<div style=\"height:40px\" aria-hidden=\"true\" class=\"wp-block-spacer\"><\/div>\n<\/div>\n<\/div>\n<\/div>","protected":false},"excerpt":{"rendered":"<p>WE CARE ABOUT OUR CUSTOMERS &#8230; Welcome to MUCCPAINT, where passion meets professionalism. Specializing in both exterior and interior painting, as well as grass cutting and lawn care services, we are dedicated to enhancing the beauty and functionality of your home or business. Our team of skilled professionals brings enthusiasm and expertise to every project, [&hellip;]<\/p>\n","protected":false},"author":1,"featured_media":0,"parent":0,"menu_order":0,"comment_status":"closed","ping_status":"closed","template":"","meta":{"footnotes":""},"class_list":["post-806","page","type-page","status-publish","hentry"],"blocksy_meta":[],"_links":{"self":[{"href":"https:\/\/muccpaint.com\/es\/wp-json\/wp\/v2\/pages\/806","targetHints":{"allow":["GET"]}}],"collection":[{"href":"https:\/\/muccpaint.com\/es\/wp-json\/wp\/v2\/pages"}],"about":[{"href":"https:\/\/muccpaint.com\/es\/wp-json\/wp\/v2\/types\/page"}],"author":[{"embeddable":true,"href":"https:\/\/muccpaint.com\/es\/wp-json\/wp\/v2\/users\/1"}],"replies":[{"embeddable":true,"href":"https:\/\/muccpaint.com\/es\/wp-json\/wp\/v2\/comments?post=806"}],"version-history":[{"count":4,"href":"https:\/\/muccpaint.com\/es\/wp-json\/wp\/v2\/pages\/806\/revisions"}],"predecessor-version":[{"id":814,"href":"https:\/\/muccpaint.com\/es\/wp-json\/wp\/v2\/pages\/806\/revisions\/814"}],"wp:attachment":[{"href":"https:\/\/muccpaint.com\/es\/wp-json\/wp\/v2\/media?parent=806"}],"curies":[{"name":"wp","href":"https:\/\/api.w.org\/{rel}","templated":true}]}}